{"id":154422,"date":"2026-03-10T08:53:54","date_gmt":"2026-03-10T07:53:54","guid":{"rendered":"https:\/\/rehabshop.se\/?page_id=154422"},"modified":"2026-03-10T08:58:57","modified_gmt":"2026-03-10T07:58:57","slug":"kunder-med-e-faktura","status":"publish","type":"page","link":"https:\/\/rehabshop.se\/en\/om-oss\/kunder-med-e-faktura\/","title":{"rendered":"Kunder med e-faktura"},"content":{"rendered":"\n<p><strong>F\u00f6r f\u00f6retag eller enheter i offentliga sektorn som inte vill anv\u00e4nda sig av Klarna<\/strong>:<\/p>\n\n\n\n<p>Om du som f\u00f6retagskund vill best\u00e4lla n\u00e5got fr\u00e5n v\u00e5r hemsida och beh\u00f6ver f\u00e5 en e-faktura via Peppol eller Visma\/InExchange kan ni l\u00e4gga era order via ett v\u00e4l utf\u00f6rligt mejl till\u00a0<a href=\"mailto:info@rehabshop.com\">info@rehabshop.com<\/a> med f\u00f6ljande uppgifter:<\/p>\n\n\n\n<ul class=\"wp-block-list\">\n<li>Organisationsnummer<\/li>\n\n\n\n<li>Kontaktperson med epost och mobilnummer. Dessa uppgifter kommer vi ge till v\u00e5r spedit\u00f6r, DB Schenker eller Postnord f\u00f6r att underl\u00e4tta med smidig leverans och kommer inte anv\u00e4ndas i n\u00e5got annat syfte.<\/li>\n\n\n\n<li>Faktureringsadress<\/li>\n\n\n\n<li>GLN numret till fakturaadress och leveransadress, om dessa finns<\/li>\n\n\n\n<li>Eventuella referenskoder, mottagar koder eller liknande<\/li>\n\n\n\n<li>Leveransadress (OBS! M\u00e5ste vara en gatuadress och inge postbox)<\/li>\n\n\n\n<li>Lista med Artikelnummer samt antal av varorna som \u00f6nskas best\u00e4lla<\/li>\n<\/ul>\n\n\n\n<p><\/p>\n","protected":false},"excerpt":{"rendered":"F\u00f6r f\u00f6retag eller enheter i offentliga sektorn som inte vill anv\u00e4nda sig av Klarna: Om du som f\u00f6retagskund vill best\u00e4lla n\u00e5got fr\u00e5n v\u00e5r hemsida och beh\u00f6ver f\u00e5 en e-faktura via Peppol eller Visma\/InExchange kan ni l\u00e4gga era order via ett v\u00e4l utf\u00f6rligt mejl till\u00a0info@rehabshop.com med f\u00f6ljande uppgifter:","protected":false},"author":7,"featured_media":0,"parent":606,"menu_order":0,"comment_status":"closed","ping_status":"closed","template":"","meta":{"_acf_changed":false,"_seopress_robots_primary_cat":"","_seopress_titles_title":"","_seopress_titles_desc":"","_seopress_robots_index":"","_relevanssi_hide_post":"","_relevanssi_hide_content":"","_relevanssi_pin_for_all":"","_relevanssi_pin_keywords":"","_relevanssi_unpin_keywords":"","_relevanssi_related_keywords":"","_relevanssi_related_include_ids":"","_relevanssi_related_exclude_ids":"","_relevanssi_related_no_append":"","_relevanssi_related_not_related":"","_relevanssi_related_posts":"44151","_relevanssi_noindex_reason":"","footnotes":""},"class_list":["post-154422","page","type-page","status-publish","hentry"],"acf":[],"_links":{"self":[{"href":"https:\/\/rehabshop.se\/en\/wp-json\/wp\/v2\/pages\/154422","targetHints":{"allow":["GET"]}}],"collection":[{"href":"https:\/\/rehabshop.se\/en\/wp-json\/wp\/v2\/pages"}],"about":[{"href":"https:\/\/rehabshop.se\/en\/wp-json\/wp\/v2\/types\/page"}],"author":[{"embeddable":true,"href":"https:\/\/rehabshop.se\/en\/wp-json\/wp\/v2\/users\/7"}],"replies":[{"embeddable":true,"href":"https:\/\/rehabshop.se\/en\/wp-json\/wp\/v2\/comments?post=154422"}],"version-history":[{"count":1,"href":"https:\/\/rehabshop.se\/en\/wp-json\/wp\/v2\/pages\/154422\/revisions"}],"predecessor-version":[{"id":154428,"href":"https:\/\/rehabshop.se\/en\/wp-json\/wp\/v2\/pages\/154422\/revisions\/154428"}],"up":[{"embeddable":true,"href":"https:\/\/rehabshop.se\/en\/wp-json\/wp\/v2\/pages\/606"}],"wp:attachment":[{"href":"https:\/\/rehabshop.se\/en\/wp-json\/wp\/v2\/media?parent=154422"}],"curies":[{"name":"wp","href":"https:\/\/api.w.org\/{rel}","templated":true}]}}